{"id":9784,"date":"2025-02-05T09:47:06","date_gmt":"2025-02-05T08:47:06","guid":{"rendered":"https:\/\/www.sams-industrie.fr\/product\/filet-refouleur-reference-17\/"},"modified":"2025-02-19T11:49:39","modified_gmt":"2025-02-19T10:49:39","slug":"filet-refouleur-reference-17","status":"publish","type":"product","link":"https:\/\/www.sams-industrie.fr\/en\/product\/filet-refouleur-reference-17\/","title":{"rendered":"Repression net<br> Reference BAF-2156-186 B"},"content":{"rendered":"","protected":false},"excerpt":{"rendered":"<p>RAPIDEX RAPIDBOX<br \/> R\u00e9f\u00e9rence constructeur : BAF-2156-186 B<br \/> R\u00e9f\u00e9rences \u00e9quivalentes : BAF2156186B \/ MBAF2156186B \/ RAPBAF2156186B<\/p>","protected":false},"featured_media":0,"comment_status":"open","ping_status":"closed","template":"","meta":[],"_links":{"self":[{"href":"https:\/\/www.sams-industrie.fr\/en\/wp-json\/wp\/v2\/product\/9784"}],"collection":[{"href":"https:\/\/www.sams-industrie.fr\/en\/wp-json\/wp\/v2\/product"}],"about":[{"href":"https:\/\/www.sams-industrie.fr\/en\/wp-json\/wp\/v2\/types\/product"}],"replies":[{"embeddable":true,"href":"https:\/\/www.sams-industrie.fr\/en\/wp-json\/wp\/v2\/comments?post=9784"}],"wp:attachment":[{"href":"https:\/\/www.sams-industrie.fr\/en\/wp-json\/wp\/v2\/media?parent=9784"}],"curies":[{"name":"wp","href":"https:\/\/api.w.org\/{rel}","templated":true}]}}