{"id":9780,"date":"2025-02-05T09:47:04","date_gmt":"2025-02-05T08:47:04","guid":{"rendered":"https:\/\/www.sams-industrie.fr\/product\/support-refouleur-reference-8\/"},"modified":"2025-02-19T11:49:35","modified_gmt":"2025-02-19T10:49:35","slug":"support-refouleur-reference-8","status":"publish","type":"product","link":"https:\/\/www.sams-industrie.fr\/en\/product\/support-refouleur-reference-8\/","title":{"rendered":"Repressor support<br> Reference BAF-2156-176"},"content":{"rendered":"","protected":false},"excerpt":{"rendered":"<p>RAPIDEX RAPIDBOX<br \/> R\u00e9f\u00e9rence constructeur : BAF-2156-176<br \/> R\u00e9f\u00e9rences \u00e9quivalentes : BAF2156176 \/ MBAF2156176 \/ RAPBAF2156176<\/p>","protected":false},"featured_media":0,"comment_status":"open","ping_status":"closed","template":"","meta":[],"_links":{"self":[{"href":"https:\/\/www.sams-industrie.fr\/en\/wp-json\/wp\/v2\/product\/9780"}],"collection":[{"href":"https:\/\/www.sams-industrie.fr\/en\/wp-json\/wp\/v2\/product"}],"about":[{"href":"https:\/\/www.sams-industrie.fr\/en\/wp-json\/wp\/v2\/types\/product"}],"replies":[{"embeddable":true,"href":"https:\/\/www.sams-industrie.fr\/en\/wp-json\/wp\/v2\/comments?post=9780"}],"wp:attachment":[{"href":"https:\/\/www.sams-industrie.fr\/en\/wp-json\/wp\/v2\/media?parent=9780"}],"curies":[{"name":"wp","href":"https:\/\/api.w.org\/{rel}","templated":true}]}}