{"id":9779,"date":"2025-02-05T09:47:03","date_gmt":"2025-02-05T08:47:03","guid":{"rendered":"https:\/\/www.sams-industrie.fr\/product\/filet-refouleur-reference-16\/"},"modified":"2025-02-19T11:49:35","modified_gmt":"2025-02-19T10:49:35","slug":"filet-refouleur-reference-16","status":"publish","type":"product","link":"https:\/\/www.sams-industrie.fr\/en\/product\/filet-refouleur-reference-16\/","title":{"rendered":"Repression net<br> Reference BAF-2156-175 D"},"content":{"rendered":"","protected":false},"excerpt":{"rendered":"<p>RAPIDEX RAPIDBOX<br \/> R\u00e9f\u00e9rence constructeur : BAF-2156-175 D<br \/> R\u00e9f\u00e9rences \u00e9quivalentes : BAF2156175D \/ MBAF2156175D \/ RAPBAF2156175D<\/p>","protected":false},"featured_media":0,"comment_status":"open","ping_status":"closed","template":"","meta":[],"_links":{"self":[{"href":"https:\/\/www.sams-industrie.fr\/en\/wp-json\/wp\/v2\/product\/9779"}],"collection":[{"href":"https:\/\/www.sams-industrie.fr\/en\/wp-json\/wp\/v2\/product"}],"about":[{"href":"https:\/\/www.sams-industrie.fr\/en\/wp-json\/wp\/v2\/types\/product"}],"replies":[{"embeddable":true,"href":"https:\/\/www.sams-industrie.fr\/en\/wp-json\/wp\/v2\/comments?post=9779"}],"wp:attachment":[{"href":"https:\/\/www.sams-industrie.fr\/en\/wp-json\/wp\/v2\/media?parent=9779"}],"curies":[{"name":"wp","href":"https:\/\/api.w.org\/{rel}","templated":true}]}}