{"id":9773,"date":"2025-02-05T09:47:00","date_gmt":"2025-02-05T08:47:00","guid":{"rendered":"https:\/\/www.sams-industrie.fr\/product\/support-refouleur-reference-7\/"},"modified":"2025-02-19T11:49:30","modified_gmt":"2025-02-19T10:49:30","slug":"support-refouleur-reference-7","status":"publish","type":"product","link":"https:\/\/www.sams-industrie.fr\/en\/product\/support-refouleur-reference-7\/","title":{"rendered":"Repressor support<br> Reference BAF-2156-166"},"content":{"rendered":"","protected":false},"excerpt":{"rendered":"<p>RAPIDEX RAPIDBOX<br \/> R\u00e9f\u00e9rence constructeur : BAF-2156-166<br \/> R\u00e9f\u00e9rences \u00e9quivalentes : BAF2156166 \/ MBAF2156166 \/ RAPBAF2156166<\/p>","protected":false},"featured_media":0,"comment_status":"open","ping_status":"closed","template":"","meta":[],"_links":{"self":[{"href":"https:\/\/www.sams-industrie.fr\/en\/wp-json\/wp\/v2\/product\/9773"}],"collection":[{"href":"https:\/\/www.sams-industrie.fr\/en\/wp-json\/wp\/v2\/product"}],"about":[{"href":"https:\/\/www.sams-industrie.fr\/en\/wp-json\/wp\/v2\/types\/product"}],"replies":[{"embeddable":true,"href":"https:\/\/www.sams-industrie.fr\/en\/wp-json\/wp\/v2\/comments?post=9773"}],"wp:attachment":[{"href":"https:\/\/www.sams-industrie.fr\/en\/wp-json\/wp\/v2\/media?parent=9773"}],"curies":[{"name":"wp","href":"https:\/\/api.w.org\/{rel}","templated":true}]}}