{"id":9772,"date":"2025-02-05T09:46:59","date_gmt":"2025-02-05T08:46:59","guid":{"rendered":"https:\/\/www.sams-industrie.fr\/product\/filet-refouleur-reference-14\/"},"modified":"2025-02-19T11:49:29","modified_gmt":"2025-02-19T10:49:29","slug":"filet-refouleur-reference-14","status":"publish","type":"product","link":"https:\/\/www.sams-industrie.fr\/en\/product\/filet-refouleur-reference-14\/","title":{"rendered":"Repression net<br> Reference BAF-2156-165 D"},"content":{"rendered":"","protected":false},"excerpt":{"rendered":"<p>RAPIDEX RAPIDBOX<br \/> R\u00e9f\u00e9rence constructeur : BAF-2156-165 D<br \/> R\u00e9f\u00e9rences \u00e9quivalentes : BAF2156165D \/ MBAF2156165D \/ RAPBAF2156165D<\/p>","protected":false},"featured_media":0,"comment_status":"open","ping_status":"closed","template":"","meta":[],"_links":{"self":[{"href":"https:\/\/www.sams-industrie.fr\/en\/wp-json\/wp\/v2\/product\/9772"}],"collection":[{"href":"https:\/\/www.sams-industrie.fr\/en\/wp-json\/wp\/v2\/product"}],"about":[{"href":"https:\/\/www.sams-industrie.fr\/en\/wp-json\/wp\/v2\/types\/product"}],"replies":[{"embeddable":true,"href":"https:\/\/www.sams-industrie.fr\/en\/wp-json\/wp\/v2\/comments?post=9772"}],"wp:attachment":[{"href":"https:\/\/www.sams-industrie.fr\/en\/wp-json\/wp\/v2\/media?parent=9772"}],"curies":[{"name":"wp","href":"https:\/\/api.w.org\/{rel}","templated":true}]}}