{"id":9766,"date":"2025-02-05T09:46:56","date_gmt":"2025-02-05T08:46:56","guid":{"rendered":"https:\/\/www.sams-industrie.fr\/product\/support-refouleur-reference-6\/"},"modified":"2025-02-19T11:49:24","modified_gmt":"2025-02-19T10:49:24","slug":"support-refouleur-reference-6","status":"publish","type":"product","link":"https:\/\/www.sams-industrie.fr\/en\/product\/support-refouleur-reference-6\/","title":{"rendered":"Repressor support<br> Reference BAF-2156-155"},"content":{"rendered":"","protected":false},"excerpt":{"rendered":"<p>RAPIDEX RAPIDBOX<br \/> R\u00e9f\u00e9rence constructeur : BAF-2156-155<br \/> R\u00e9f\u00e9rences \u00e9quivalentes : BAF2156155 \/ MBAF2156155 \/ RAPBAF2156155<\/p>","protected":false},"featured_media":0,"comment_status":"open","ping_status":"closed","template":"","meta":[],"_links":{"self":[{"href":"https:\/\/www.sams-industrie.fr\/en\/wp-json\/wp\/v2\/product\/9766"}],"collection":[{"href":"https:\/\/www.sams-industrie.fr\/en\/wp-json\/wp\/v2\/product"}],"about":[{"href":"https:\/\/www.sams-industrie.fr\/en\/wp-json\/wp\/v2\/types\/product"}],"replies":[{"embeddable":true,"href":"https:\/\/www.sams-industrie.fr\/en\/wp-json\/wp\/v2\/comments?post=9766"}],"wp:attachment":[{"href":"https:\/\/www.sams-industrie.fr\/en\/wp-json\/wp\/v2\/media?parent=9766"}],"curies":[{"name":"wp","href":"https:\/\/api.w.org\/{rel}","templated":true}]}}