{"id":9729,"date":"2025-02-05T09:46:32","date_gmt":"2025-02-05T08:46:32","guid":{"rendered":"https:\/\/www.sams-industrie.fr\/product\/outil-refouleur-monte-reference-4\/"},"modified":"2025-02-19T11:48:56","modified_gmt":"2025-02-19T10:48:56","slug":"outil-refouleur-monte-reference-4","status":"publish","type":"product","link":"https:\/\/www.sams-industrie.fr\/en\/product\/outil-refouleur-monte-reference-4\/","title":{"rendered":"Mounted upsetting tool<br> Reference SBAF-2156-A101 D"},"content":{"rendered":"","protected":false},"excerpt":{"rendered":"<p>RAPIDEX RAPIDBOX<br \/> R\u00e9f\u00e9rence constructeur : SBAF-2156-A101 D<br \/> R\u00e9f\u00e9rences \u00e9quivalentes : SBAF2156A101D \/ SBAF2156A101D \/ SBAF2156A101D<\/p>","protected":false},"featured_media":0,"comment_status":"open","ping_status":"closed","template":"","meta":[],"_links":{"self":[{"href":"https:\/\/www.sams-industrie.fr\/en\/wp-json\/wp\/v2\/product\/9729"}],"collection":[{"href":"https:\/\/www.sams-industrie.fr\/en\/wp-json\/wp\/v2\/product"}],"about":[{"href":"https:\/\/www.sams-industrie.fr\/en\/wp-json\/wp\/v2\/types\/product"}],"replies":[{"embeddable":true,"href":"https:\/\/www.sams-industrie.fr\/en\/wp-json\/wp\/v2\/comments?post=9729"}],"wp:attachment":[{"href":"https:\/\/www.sams-industrie.fr\/en\/wp-json\/wp\/v2\/media?parent=9729"}],"curies":[{"name":"wp","href":"https:\/\/api.w.org\/{rel}","templated":true}]}}