{"id":9728,"date":"2025-02-05T09:46:32","date_gmt":"2025-02-05T08:46:32","guid":{"rendered":"https:\/\/www.sams-industrie.fr\/product\/filet-refouleur-reference\/"},"modified":"2025-02-19T11:48:56","modified_gmt":"2025-02-19T10:48:56","slug":"filet-refouleur-reference","status":"publish","type":"product","link":"https:\/\/www.sams-industrie.fr\/en\/product\/filet-refouleur-reference\/","title":{"rendered":"Repression net<br> Reference BAF-2156-106 B"},"content":{"rendered":"","protected":false},"excerpt":{"rendered":"<p>RAPIDEX RAPIDBOX<br \/> R\u00e9f\u00e9rence constructeur : BAF-2156-106 B<br \/> R\u00e9f\u00e9rences \u00e9quivalentes : BAF2156106B \/ MBAF2156106B \/ RAPBAF2156106B<\/p>","protected":false},"featured_media":0,"comment_status":"open","ping_status":"closed","template":"","meta":[],"_links":{"self":[{"href":"https:\/\/www.sams-industrie.fr\/en\/wp-json\/wp\/v2\/product\/9728"}],"collection":[{"href":"https:\/\/www.sams-industrie.fr\/en\/wp-json\/wp\/v2\/product"}],"about":[{"href":"https:\/\/www.sams-industrie.fr\/en\/wp-json\/wp\/v2\/types\/product"}],"replies":[{"embeddable":true,"href":"https:\/\/www.sams-industrie.fr\/en\/wp-json\/wp\/v2\/comments?post=9728"}],"wp:attachment":[{"href":"https:\/\/www.sams-industrie.fr\/en\/wp-json\/wp\/v2\/media?parent=9728"}],"curies":[{"name":"wp","href":"https:\/\/api.w.org\/{rel}","templated":true}]}}