{"id":9724,"date":"2025-02-05T09:46:29","date_gmt":"2025-02-05T08:46:29","guid":{"rendered":"https:\/\/www.sams-industrie.fr\/product\/corniere-chaine-porte-cable-reference\/"},"modified":"2025-02-19T11:48:52","modified_gmt":"2025-02-19T10:48:52","slug":"corniere-chaine-porte-cable-reference","status":"publish","type":"product","link":"https:\/\/www.sams-industrie.fr\/en\/product\/corniere-chaine-porte-cable-reference\/","title":{"rendered":"Cable chain angle<br> Reference BAF-2152-072"},"content":{"rendered":"","protected":false},"excerpt":{"rendered":"<p>RAPIDEX RAPIDBOX<br \/> R\u00e9f\u00e9rence constructeur : BAF-2152-072<br \/> R\u00e9f\u00e9rences \u00e9quivalentes : BAF2152072 \/ MBAF2152072 \/ RAPBAF2152072<\/p>","protected":false},"featured_media":0,"comment_status":"open","ping_status":"closed","template":"","meta":[],"_links":{"self":[{"href":"https:\/\/www.sams-industrie.fr\/en\/wp-json\/wp\/v2\/product\/9724"}],"collection":[{"href":"https:\/\/www.sams-industrie.fr\/en\/wp-json\/wp\/v2\/product"}],"about":[{"href":"https:\/\/www.sams-industrie.fr\/en\/wp-json\/wp\/v2\/types\/product"}],"replies":[{"embeddable":true,"href":"https:\/\/www.sams-industrie.fr\/en\/wp-json\/wp\/v2\/comments?post=9724"}],"wp:attachment":[{"href":"https:\/\/www.sams-industrie.fr\/en\/wp-json\/wp\/v2\/media?parent=9724"}],"curies":[{"name":"wp","href":"https:\/\/api.w.org\/{rel}","templated":true}]}}