{"id":9722,"date":"2025-02-05T09:46:28","date_gmt":"2025-02-05T08:46:28","guid":{"rendered":"https:\/\/www.sams-industrie.fr\/product\/support-gauche-reference\/"},"modified":"2025-07-03T15:29:52","modified_gmt":"2025-07-03T13:29:52","slug":"support-gauche-reference","status":"publish","type":"product","link":"https:\/\/www.sams-industrie.fr\/en\/product\/support-gauche-reference\/","title":{"rendered":"Left support<br> Reference BAF-2152-019"},"content":{"rendered":"","protected":false},"excerpt":{"rendered":"<p>RAPIDEX RAPIDBOX<br \/>\nR\u00e9f\u00e9rence constructeur : BAF-2152-019<br \/>\nR\u00e9f\u00e9rences \u00e9quivalentes : BAF2152019 \/ MBAF2152019 \/ RAPBAF2152019<\/p>","protected":false},"featured_media":11421,"comment_status":"open","ping_status":"closed","template":"","meta":[],"_links":{"self":[{"href":"https:\/\/www.sams-industrie.fr\/en\/wp-json\/wp\/v2\/product\/9722"}],"collection":[{"href":"https:\/\/www.sams-industrie.fr\/en\/wp-json\/wp\/v2\/product"}],"about":[{"href":"https:\/\/www.sams-industrie.fr\/en\/wp-json\/wp\/v2\/types\/product"}],"replies":[{"embeddable":true,"href":"https:\/\/www.sams-industrie.fr\/en\/wp-json\/wp\/v2\/comments?post=9722"}],"wp:featuredmedia":[{"embeddable":true,"href":"https:\/\/www.sams-industrie.fr\/en\/wp-json\/wp\/v2\/media\/11421"}],"wp:attachment":[{"href":"https:\/\/www.sams-industrie.fr\/en\/wp-json\/wp\/v2\/media?parent=9722"}],"curies":[{"name":"wp","href":"https:\/\/api.w.org\/{rel}","templated":true}]}}