{"id":9719,"date":"2025-02-05T09:46:26","date_gmt":"2025-02-05T08:46:26","guid":{"rendered":"https:\/\/www.sams-industrie.fr\/product\/contrepartie-usinee-de-slotter-reference\/"},"modified":"2025-02-19T11:48:48","modified_gmt":"2025-02-19T10:48:48","slug":"contrepartie-usinee-de-slotter-reference","status":"publish","type":"product","link":"https:\/\/www.sams-industrie.fr\/en\/product\/contrepartie-usinee-de-slotter-reference\/","title":{"rendered":"Machined slotter counterpart<br> Reference BAF-2106-001"},"content":{"rendered":"","protected":false},"excerpt":{"rendered":"<p>RAPIDEX RAPIDBOX<br \/> R\u00e9f\u00e9rence constructeur : BAF-2106-001<br \/> R\u00e9f\u00e9rences \u00e9quivalentes : BAF2106001 \/ MBAF2106001 \/ RAPBAF2106001<\/p>","protected":false},"featured_media":0,"comment_status":"open","ping_status":"closed","template":"","meta":[],"_links":{"self":[{"href":"https:\/\/www.sams-industrie.fr\/en\/wp-json\/wp\/v2\/product\/9719"}],"collection":[{"href":"https:\/\/www.sams-industrie.fr\/en\/wp-json\/wp\/v2\/product"}],"about":[{"href":"https:\/\/www.sams-industrie.fr\/en\/wp-json\/wp\/v2\/types\/product"}],"replies":[{"embeddable":true,"href":"https:\/\/www.sams-industrie.fr\/en\/wp-json\/wp\/v2\/comments?post=9719"}],"wp:attachment":[{"href":"https:\/\/www.sams-industrie.fr\/en\/wp-json\/wp\/v2\/media?parent=9719"}],"curies":[{"name":"wp","href":"https:\/\/api.w.org\/{rel}","templated":true}]}}