{"id":9718,"date":"2025-02-05T09:46:26","date_gmt":"2025-02-05T08:46:26","guid":{"rendered":"https:\/\/www.sams-industrie.fr\/product\/pince-droit-reference\/"},"modified":"2025-07-03T15:26:20","modified_gmt":"2025-07-03T13:26:20","slug":"pince-droit-reference","status":"publish","type":"product","link":"https:\/\/www.sams-industrie.fr\/en\/product\/pince-droit-reference\/","title":{"rendered":"Right pliers<br> Reference BAF-2152-054"},"content":{"rendered":"","protected":false},"excerpt":{"rendered":"<p>RAPIDEX RAPIDBOX<br \/>\nR\u00e9f\u00e9rence constructeur : BAF-2152-054<br \/>\nR\u00e9f\u00e9rences \u00e9quivalentes : BAF2152054 \/ MBAF2152054 \/ RAPBAF2152054<\/p>","protected":false},"featured_media":11418,"comment_status":"open","ping_status":"closed","template":"","meta":[],"_links":{"self":[{"href":"https:\/\/www.sams-industrie.fr\/en\/wp-json\/wp\/v2\/product\/9718"}],"collection":[{"href":"https:\/\/www.sams-industrie.fr\/en\/wp-json\/wp\/v2\/product"}],"about":[{"href":"https:\/\/www.sams-industrie.fr\/en\/wp-json\/wp\/v2\/types\/product"}],"replies":[{"embeddable":true,"href":"https:\/\/www.sams-industrie.fr\/en\/wp-json\/wp\/v2\/comments?post=9718"}],"wp:featuredmedia":[{"embeddable":true,"href":"https:\/\/www.sams-industrie.fr\/en\/wp-json\/wp\/v2\/media\/11418"}],"wp:attachment":[{"href":"https:\/\/www.sams-industrie.fr\/en\/wp-json\/wp\/v2\/media?parent=9718"}],"curies":[{"name":"wp","href":"https:\/\/api.w.org\/{rel}","templated":true}]}}