{"id":9717,"date":"2025-02-05T09:46:25","date_gmt":"2025-02-05T08:46:25","guid":{"rendered":"https:\/\/www.sams-industrie.fr\/product\/bloc-support-reference\/"},"modified":"2025-07-03T15:25:09","modified_gmt":"2025-07-03T13:25:09","slug":"bloc-support-reference","status":"publish","type":"product","link":"https:\/\/www.sams-industrie.fr\/en\/product\/bloc-support-reference\/","title":{"rendered":"Support block<br> Reference BAF-2152-056"},"content":{"rendered":"","protected":false},"excerpt":{"rendered":"<p>RAPIDEX RAPIDBOX<br \/>\nR\u00e9f\u00e9rence constructeur : BAF-2152-056<br \/>\nR\u00e9f\u00e9rences \u00e9quivalentes : BAF2152056 \/ MBAF2152056 \/ RAPBAF2152056<\/p>","protected":false},"featured_media":11417,"comment_status":"open","ping_status":"closed","template":"","meta":[],"_links":{"self":[{"href":"https:\/\/www.sams-industrie.fr\/en\/wp-json\/wp\/v2\/product\/9717"}],"collection":[{"href":"https:\/\/www.sams-industrie.fr\/en\/wp-json\/wp\/v2\/product"}],"about":[{"href":"https:\/\/www.sams-industrie.fr\/en\/wp-json\/wp\/v2\/types\/product"}],"replies":[{"embeddable":true,"href":"https:\/\/www.sams-industrie.fr\/en\/wp-json\/wp\/v2\/comments?post=9717"}],"wp:featuredmedia":[{"embeddable":true,"href":"https:\/\/www.sams-industrie.fr\/en\/wp-json\/wp\/v2\/media\/11417"}],"wp:attachment":[{"href":"https:\/\/www.sams-industrie.fr\/en\/wp-json\/wp\/v2\/media?parent=9717"}],"curies":[{"name":"wp","href":"https:\/\/api.w.org\/{rel}","templated":true}]}}