{"id":9708,"date":"2025-02-05T09:46:20","date_gmt":"2025-02-05T08:46:20","guid":{"rendered":"https:\/\/www.sams-industrie.fr\/product\/filet-coupant-reference-13\/"},"modified":"2025-02-19T11:48:40","modified_gmt":"2025-02-19T10:48:40","slug":"filet-coupant-reference-13","status":"publish","type":"product","link":"https:\/\/www.sams-industrie.fr\/en\/product\/filet-coupant-reference-13\/","title":{"rendered":"Cutting net<br> Reference BAF-2156-585"},"content":{"rendered":"","protected":false},"excerpt":{"rendered":"<p>RAPIDEX RAPIDBOX<br \/> R\u00e9f\u00e9rence constructeur : BAF-2156-585<br \/> R\u00e9f\u00e9rences \u00e9quivalentes : BAF2156585 \/ MBAF2156585 \/ RAPBAF2156585<\/p>","protected":false},"featured_media":0,"comment_status":"open","ping_status":"closed","template":"","meta":[],"_links":{"self":[{"href":"https:\/\/www.sams-industrie.fr\/en\/wp-json\/wp\/v2\/product\/9708"}],"collection":[{"href":"https:\/\/www.sams-industrie.fr\/en\/wp-json\/wp\/v2\/product"}],"about":[{"href":"https:\/\/www.sams-industrie.fr\/en\/wp-json\/wp\/v2\/types\/product"}],"replies":[{"embeddable":true,"href":"https:\/\/www.sams-industrie.fr\/en\/wp-json\/wp\/v2\/comments?post=9708"}],"wp:attachment":[{"href":"https:\/\/www.sams-industrie.fr\/en\/wp-json\/wp\/v2\/media?parent=9708"}],"curies":[{"name":"wp","href":"https:\/\/api.w.org\/{rel}","templated":true}]}}