{"id":9707,"date":"2025-02-05T09:46:20","date_gmt":"2025-02-05T08:46:20","guid":{"rendered":"https:\/\/www.sams-industrie.fr\/product\/ejecteur-reference-18\/"},"modified":"2025-02-19T11:48:39","modified_gmt":"2025-02-19T10:48:39","slug":"ejecteur-reference-18","status":"publish","type":"product","link":"https:\/\/www.sams-industrie.fr\/en\/product\/ejecteur-reference-18\/","title":{"rendered":"Ejector<br> Reference BAF-2156-304"},"content":{"rendered":"","protected":false},"excerpt":{"rendered":"<p>RAPIDEX RAPIDBOX<br \/> R\u00e9f\u00e9rence constructeur : BAF-2156-304<br \/> R\u00e9f\u00e9rences \u00e9quivalentes : BAF2156304 \/ MBAF2156304 \/ RAPBAF2156304<\/p>","protected":false},"featured_media":0,"comment_status":"open","ping_status":"closed","template":"","meta":[],"_links":{"self":[{"href":"https:\/\/www.sams-industrie.fr\/en\/wp-json\/wp\/v2\/product\/9707"}],"collection":[{"href":"https:\/\/www.sams-industrie.fr\/en\/wp-json\/wp\/v2\/product"}],"about":[{"href":"https:\/\/www.sams-industrie.fr\/en\/wp-json\/wp\/v2\/types\/product"}],"replies":[{"embeddable":true,"href":"https:\/\/www.sams-industrie.fr\/en\/wp-json\/wp\/v2\/comments?post=9707"}],"wp:attachment":[{"href":"https:\/\/www.sams-industrie.fr\/en\/wp-json\/wp\/v2\/media?parent=9707"}],"curies":[{"name":"wp","href":"https:\/\/api.w.org\/{rel}","templated":true}]}}