{"id":9705,"date":"2025-02-05T09:46:18","date_gmt":"2025-02-05T08:46:18","guid":{"rendered":"https:\/\/www.sams-industrie.fr\/product\/renfort-reference-23\/"},"modified":"2025-02-19T11:48:37","modified_gmt":"2025-02-19T10:48:37","slug":"renfort-reference-23","status":"publish","type":"product","link":"https:\/\/www.sams-industrie.fr\/en\/product\/renfort-reference-23\/","title":{"rendered":"Reinforcement<br> Reference BAF-2156-302"},"content":{"rendered":"","protected":false},"excerpt":{"rendered":"<p>RAPIDEX RAPIDBOX<br \/> R\u00e9f\u00e9rence constructeur : BAF-2156-302<br \/> R\u00e9f\u00e9rences \u00e9quivalentes : BAF2156302 \/ MBAF2156302 \/ RAPBAF2156302<\/p>","protected":false},"featured_media":0,"comment_status":"open","ping_status":"closed","template":"","meta":[],"_links":{"self":[{"href":"https:\/\/www.sams-industrie.fr\/en\/wp-json\/wp\/v2\/product\/9705"}],"collection":[{"href":"https:\/\/www.sams-industrie.fr\/en\/wp-json\/wp\/v2\/product"}],"about":[{"href":"https:\/\/www.sams-industrie.fr\/en\/wp-json\/wp\/v2\/types\/product"}],"replies":[{"embeddable":true,"href":"https:\/\/www.sams-industrie.fr\/en\/wp-json\/wp\/v2\/comments?post=9705"}],"wp:attachment":[{"href":"https:\/\/www.sams-industrie.fr\/en\/wp-json\/wp\/v2\/media?parent=9705"}],"curies":[{"name":"wp","href":"https:\/\/api.w.org\/{rel}","templated":true}]}}