{"id":9704,"date":"2025-02-05T09:46:18","date_gmt":"2025-02-05T08:46:18","guid":{"rendered":"https:\/\/www.sams-industrie.fr\/product\/support-filet-coupant-reference-9\/"},"modified":"2025-02-19T11:48:37","modified_gmt":"2025-02-19T10:48:37","slug":"support-filet-coupant-reference-9","status":"publish","type":"product","link":"https:\/\/www.sams-industrie.fr\/en\/product\/support-filet-coupant-reference-9\/","title":{"rendered":"Cutting net support<br> Reference BAF-2156-301"},"content":{"rendered":"","protected":false},"excerpt":{"rendered":"<p>RAPIDEX RAPIDBOX<br \/> R\u00e9f\u00e9rence constructeur : BAF-2156-301<br \/> R\u00e9f\u00e9rences \u00e9quivalentes : BAF2156301 \/ MBAF2156301 \/ RAPBAF2156301<\/p>","protected":false},"featured_media":0,"comment_status":"open","ping_status":"closed","template":"","meta":[],"_links":{"self":[{"href":"https:\/\/www.sams-industrie.fr\/en\/wp-json\/wp\/v2\/product\/9704"}],"collection":[{"href":"https:\/\/www.sams-industrie.fr\/en\/wp-json\/wp\/v2\/product"}],"about":[{"href":"https:\/\/www.sams-industrie.fr\/en\/wp-json\/wp\/v2\/types\/product"}],"replies":[{"embeddable":true,"href":"https:\/\/www.sams-industrie.fr\/en\/wp-json\/wp\/v2\/comments?post=9704"}],"wp:attachment":[{"href":"https:\/\/www.sams-industrie.fr\/en\/wp-json\/wp\/v2\/media?parent=9704"}],"curies":[{"name":"wp","href":"https:\/\/api.w.org\/{rel}","templated":true}]}}