{"id":9703,"date":"2025-02-05T09:46:17","date_gmt":"2025-02-05T08:46:17","guid":{"rendered":"https:\/\/www.sams-industrie.fr\/product\/outil-coupant-monte-reference-18\/"},"modified":"2025-02-19T11:48:36","modified_gmt":"2025-02-19T10:48:36","slug":"outil-coupant-monte-reference-18","status":"publish","type":"product","link":"https:\/\/www.sams-industrie.fr\/en\/product\/outil-coupant-monte-reference-18\/","title":{"rendered":"Mounted cutting tool<br> Reference BAF-2156-A300"},"content":{"rendered":"","protected":false},"excerpt":{"rendered":"<p>RAPIDEX RAPIDBOX<br \/> R\u00e9f\u00e9rence constructeur : BAF-2156-A300<br \/> R\u00e9f\u00e9rences \u00e9quivalentes : BAF2156A300 \/ MBAF2156A300 \/ RAPBAF2156A300<\/p>","protected":false},"featured_media":0,"comment_status":"open","ping_status":"closed","template":"","meta":[],"_links":{"self":[{"href":"https:\/\/www.sams-industrie.fr\/en\/wp-json\/wp\/v2\/product\/9703"}],"collection":[{"href":"https:\/\/www.sams-industrie.fr\/en\/wp-json\/wp\/v2\/product"}],"about":[{"href":"https:\/\/www.sams-industrie.fr\/en\/wp-json\/wp\/v2\/types\/product"}],"replies":[{"embeddable":true,"href":"https:\/\/www.sams-industrie.fr\/en\/wp-json\/wp\/v2\/comments?post=9703"}],"wp:attachment":[{"href":"https:\/\/www.sams-industrie.fr\/en\/wp-json\/wp\/v2\/media?parent=9703"}],"curies":[{"name":"wp","href":"https:\/\/api.w.org\/{rel}","templated":true}]}}