{"id":9697,"date":"2025-02-05T09:46:12","date_gmt":"2025-02-05T08:46:12","guid":{"rendered":"https:\/\/www.sams-industrie.fr\/product\/outil-coupant-monte-reference-17\/"},"modified":"2025-02-19T11:48:30","modified_gmt":"2025-02-19T10:48:30","slug":"outil-coupant-monte-reference-17","status":"publish","type":"product","link":"https:\/\/www.sams-industrie.fr\/en\/product\/outil-coupant-monte-reference-17\/","title":{"rendered":"Mounted cutting tool<br> Reference BAF-2156-A200"},"content":{"rendered":"","protected":false},"excerpt":{"rendered":"<p>RAPIDEX RAPIDBOX<br \/> R\u00e9f\u00e9rence constructeur : BAF-2156-A200<br \/> R\u00e9f\u00e9rences \u00e9quivalentes : BAF2156A200 \/ MBAF2156A200 \/ RAPBAF2156A200<\/p>","protected":false},"featured_media":0,"comment_status":"open","ping_status":"closed","template":"","meta":[],"_links":{"self":[{"href":"https:\/\/www.sams-industrie.fr\/en\/wp-json\/wp\/v2\/product\/9697"}],"collection":[{"href":"https:\/\/www.sams-industrie.fr\/en\/wp-json\/wp\/v2\/product"}],"about":[{"href":"https:\/\/www.sams-industrie.fr\/en\/wp-json\/wp\/v2\/types\/product"}],"replies":[{"embeddable":true,"href":"https:\/\/www.sams-industrie.fr\/en\/wp-json\/wp\/v2\/comments?post=9697"}],"wp:attachment":[{"href":"https:\/\/www.sams-industrie.fr\/en\/wp-json\/wp\/v2\/media?parent=9697"}],"curies":[{"name":"wp","href":"https:\/\/api.w.org\/{rel}","templated":true}]}}