{"id":9694,"date":"2025-02-05T09:46:10","date_gmt":"2025-02-05T08:46:10","guid":{"rendered":"https:\/\/www.sams-industrie.fr\/product\/renfort-reference-20\/"},"modified":"2025-02-19T11:48:27","modified_gmt":"2025-02-19T10:48:27","slug":"renfort-reference-20","status":"publish","type":"product","link":"https:\/\/www.sams-industrie.fr\/en\/product\/renfort-reference-20\/","title":{"rendered":"Reinforcement<br> Reference BAF-2156-194"},"content":{"rendered":"","protected":false},"excerpt":{"rendered":"<p>RAPIDEX RAPIDBOX<br \/> R\u00e9f\u00e9rence constructeur : BAF-2156-194<br \/> R\u00e9f\u00e9rences \u00e9quivalentes : BAF2156194 \/ MBAF2156194 \/ RAPBAF2156194<\/p>","protected":false},"featured_media":0,"comment_status":"open","ping_status":"closed","template":"","meta":[],"_links":{"self":[{"href":"https:\/\/www.sams-industrie.fr\/en\/wp-json\/wp\/v2\/product\/9694"}],"collection":[{"href":"https:\/\/www.sams-industrie.fr\/en\/wp-json\/wp\/v2\/product"}],"about":[{"href":"https:\/\/www.sams-industrie.fr\/en\/wp-json\/wp\/v2\/types\/product"}],"replies":[{"embeddable":true,"href":"https:\/\/www.sams-industrie.fr\/en\/wp-json\/wp\/v2\/comments?post=9694"}],"wp:attachment":[{"href":"https:\/\/www.sams-industrie.fr\/en\/wp-json\/wp\/v2\/media?parent=9694"}],"curies":[{"name":"wp","href":"https:\/\/api.w.org\/{rel}","templated":true}]}}