{"id":9691,"date":"2025-02-05T09:46:08","date_gmt":"2025-02-05T08:46:08","guid":{"rendered":"https:\/\/www.sams-industrie.fr\/product\/filet-coupant-reference-10\/"},"modified":"2025-02-19T11:48:25","modified_gmt":"2025-02-19T10:48:25","slug":"filet-coupant-reference-10","status":"publish","type":"product","link":"https:\/\/www.sams-industrie.fr\/en\/product\/filet-coupant-reference-10\/","title":{"rendered":"Cutting net<br> Reference BAF-2156-190"},"content":{"rendered":"","protected":false},"excerpt":{"rendered":"<p>RAPIDEX RAPIDBOX<br \/> R\u00e9f\u00e9rence constructeur : BAF-2156-190<br \/> R\u00e9f\u00e9rences \u00e9quivalentes : BAF2156190 \/ MBAF2156190 \/ RAPBAF2156190<\/p>","protected":false},"featured_media":0,"comment_status":"open","ping_status":"closed","template":"","meta":[],"_links":{"self":[{"href":"https:\/\/www.sams-industrie.fr\/en\/wp-json\/wp\/v2\/product\/9691"}],"collection":[{"href":"https:\/\/www.sams-industrie.fr\/en\/wp-json\/wp\/v2\/product"}],"about":[{"href":"https:\/\/www.sams-industrie.fr\/en\/wp-json\/wp\/v2\/types\/product"}],"replies":[{"embeddable":true,"href":"https:\/\/www.sams-industrie.fr\/en\/wp-json\/wp\/v2\/comments?post=9691"}],"wp:attachment":[{"href":"https:\/\/www.sams-industrie.fr\/en\/wp-json\/wp\/v2\/media?parent=9691"}],"curies":[{"name":"wp","href":"https:\/\/api.w.org\/{rel}","templated":true}]}}