{"id":9687,"date":"2025-02-05T09:46:06","date_gmt":"2025-02-05T08:46:06","guid":{"rendered":"https:\/\/www.sams-industrie.fr\/product\/support-filet-coupant-reference-7\/"},"modified":"2025-02-19T11:48:22","modified_gmt":"2025-02-19T10:48:22","slug":"support-filet-coupant-reference-7","status":"publish","type":"product","link":"https:\/\/www.sams-industrie.fr\/en\/product\/support-filet-coupant-reference-7\/","title":{"rendered":"Cutting net support<br> Reference BAF-2156-181"},"content":{"rendered":"","protected":false},"excerpt":{"rendered":"<p>RAPIDEX RAPIDBOX<br \/> R\u00e9f\u00e9rence constructeur : BAF-2156-181<br \/> R\u00e9f\u00e9rences \u00e9quivalentes : BAF2156181 \/ MBAF2156181 \/ RAPBAF2156181<\/p>","protected":false},"featured_media":0,"comment_status":"open","ping_status":"closed","template":"","meta":[],"_links":{"self":[{"href":"https:\/\/www.sams-industrie.fr\/en\/wp-json\/wp\/v2\/product\/9687"}],"collection":[{"href":"https:\/\/www.sams-industrie.fr\/en\/wp-json\/wp\/v2\/product"}],"about":[{"href":"https:\/\/www.sams-industrie.fr\/en\/wp-json\/wp\/v2\/types\/product"}],"replies":[{"embeddable":true,"href":"https:\/\/www.sams-industrie.fr\/en\/wp-json\/wp\/v2\/comments?post=9687"}],"wp:attachment":[{"href":"https:\/\/www.sams-industrie.fr\/en\/wp-json\/wp\/v2\/media?parent=9687"}],"curies":[{"name":"wp","href":"https:\/\/api.w.org\/{rel}","templated":true}]}}