{"id":9682,"date":"2025-02-05T09:46:03","date_gmt":"2025-02-05T08:46:03","guid":{"rendered":"https:\/\/www.sams-industrie.fr\/product\/ejecteur-reference-13\/"},"modified":"2025-02-19T11:48:18","modified_gmt":"2025-02-19T10:48:18","slug":"ejecteur-reference-13","status":"publish","type":"product","link":"https:\/\/www.sams-industrie.fr\/en\/product\/ejecteur-reference-13\/","title":{"rendered":"Ejector<br> Reference BAF-2156-162"},"content":{"rendered":"","protected":false},"excerpt":{"rendered":"<p>RAPIDEX RAPIDBOX<br \/> R\u00e9f\u00e9rence constructeur : BAF-2156-162<br \/> R\u00e9f\u00e9rences \u00e9quivalentes : BAF2156162 \/ MBAF2156162 \/ RAPBAF2156162<\/p>","protected":false},"featured_media":0,"comment_status":"open","ping_status":"closed","template":"","meta":[],"_links":{"self":[{"href":"https:\/\/www.sams-industrie.fr\/en\/wp-json\/wp\/v2\/product\/9682"}],"collection":[{"href":"https:\/\/www.sams-industrie.fr\/en\/wp-json\/wp\/v2\/product"}],"about":[{"href":"https:\/\/www.sams-industrie.fr\/en\/wp-json\/wp\/v2\/types\/product"}],"replies":[{"embeddable":true,"href":"https:\/\/www.sams-industrie.fr\/en\/wp-json\/wp\/v2\/comments?post=9682"}],"wp:attachment":[{"href":"https:\/\/www.sams-industrie.fr\/en\/wp-json\/wp\/v2\/media?parent=9682"}],"curies":[{"name":"wp","href":"https:\/\/api.w.org\/{rel}","templated":true}]}}