{"id":9675,"date":"2025-02-05T09:45:59","date_gmt":"2025-02-05T08:45:59","guid":{"rendered":"https:\/\/www.sams-industrie.fr\/product\/renfort-reference-13\/"},"modified":"2025-02-19T11:48:12","modified_gmt":"2025-02-19T10:48:12","slug":"renfort-reference-13","status":"publish","type":"product","link":"https:\/\/www.sams-industrie.fr\/en\/product\/renfort-reference-13\/","title":{"rendered":"Reinforcement<br> Reference BAF-2156-153"},"content":{"rendered":"","protected":false},"excerpt":{"rendered":"<p>RAPIDEX RAPIDBOX<br \/> R\u00e9f\u00e9rence constructeur : BAF-2156-153<br \/> R\u00e9f\u00e9rences \u00e9quivalentes : BAF2156153 \/ MBAF2156153 \/ RAPBAF2156153<\/p>","protected":false},"featured_media":0,"comment_status":"open","ping_status":"closed","template":"","meta":[],"_links":{"self":[{"href":"https:\/\/www.sams-industrie.fr\/en\/wp-json\/wp\/v2\/product\/9675"}],"collection":[{"href":"https:\/\/www.sams-industrie.fr\/en\/wp-json\/wp\/v2\/product"}],"about":[{"href":"https:\/\/www.sams-industrie.fr\/en\/wp-json\/wp\/v2\/types\/product"}],"replies":[{"embeddable":true,"href":"https:\/\/www.sams-industrie.fr\/en\/wp-json\/wp\/v2\/comments?post=9675"}],"wp:attachment":[{"href":"https:\/\/www.sams-industrie.fr\/en\/wp-json\/wp\/v2\/media?parent=9675"}],"curies":[{"name":"wp","href":"https:\/\/api.w.org\/{rel}","templated":true}]}}