{"id":9656,"date":"2025-02-05T09:45:45","date_gmt":"2025-02-05T08:45:45","guid":{"rendered":"https:\/\/www.sams-industrie.fr\/product\/outil-coupant-monte-reference-9\/"},"modified":"2025-02-19T11:47:58","modified_gmt":"2025-02-19T10:47:58","slug":"outil-coupant-monte-reference-9","status":"publish","type":"product","link":"https:\/\/www.sams-industrie.fr\/en\/product\/outil-coupant-monte-reference-9\/","title":{"rendered":"Mounted cutting tool<br> Reference BAF-2156-A120"},"content":{"rendered":"","protected":false},"excerpt":{"rendered":"<p>RAPIDEX RAPIDBOX<br \/> R\u00e9f\u00e9rence constructeur : BAF-2156-A120<br \/> R\u00e9f\u00e9rences \u00e9quivalentes : BAF2156A120 \/ MBAF2156A120 \/ RAPBAF2156A120<\/p>","protected":false},"featured_media":0,"comment_status":"open","ping_status":"closed","template":"","meta":[],"_links":{"self":[{"href":"https:\/\/www.sams-industrie.fr\/en\/wp-json\/wp\/v2\/product\/9656"}],"collection":[{"href":"https:\/\/www.sams-industrie.fr\/en\/wp-json\/wp\/v2\/product"}],"about":[{"href":"https:\/\/www.sams-industrie.fr\/en\/wp-json\/wp\/v2\/types\/product"}],"replies":[{"embeddable":true,"href":"https:\/\/www.sams-industrie.fr\/en\/wp-json\/wp\/v2\/comments?post=9656"}],"wp:attachment":[{"href":"https:\/\/www.sams-industrie.fr\/en\/wp-json\/wp\/v2\/media?parent=9656"}],"curies":[{"name":"wp","href":"https:\/\/api.w.org\/{rel}","templated":true}]}}