{"id":9654,"date":"2025-02-05T09:45:44","date_gmt":"2025-02-05T08:45:44","guid":{"rendered":"https:\/\/www.sams-industrie.fr\/product\/ejecteur-reference-9\/"},"modified":"2025-02-19T11:47:57","modified_gmt":"2025-02-19T10:47:57","slug":"ejecteur-reference-9","status":"publish","type":"product","link":"https:\/\/www.sams-industrie.fr\/en\/product\/ejecteur-reference-9\/","title":{"rendered":"Ejector<br> Reference BAF-2156-112"},"content":{"rendered":"","protected":false},"excerpt":{"rendered":"<p>RAPIDEX RAPIDBOX<br \/> R\u00e9f\u00e9rence constructeur : BAF-2156-112<br \/> R\u00e9f\u00e9rences \u00e9quivalentes : BAF2156112 \/ MBAF2156112 \/ RAPBAF2156112<\/p>","protected":false},"featured_media":0,"comment_status":"open","ping_status":"closed","template":"","meta":[],"_links":{"self":[{"href":"https:\/\/www.sams-industrie.fr\/en\/wp-json\/wp\/v2\/product\/9654"}],"collection":[{"href":"https:\/\/www.sams-industrie.fr\/en\/wp-json\/wp\/v2\/product"}],"about":[{"href":"https:\/\/www.sams-industrie.fr\/en\/wp-json\/wp\/v2\/types\/product"}],"replies":[{"embeddable":true,"href":"https:\/\/www.sams-industrie.fr\/en\/wp-json\/wp\/v2\/comments?post=9654"}],"wp:attachment":[{"href":"https:\/\/www.sams-industrie.fr\/en\/wp-json\/wp\/v2\/media?parent=9654"}],"curies":[{"name":"wp","href":"https:\/\/api.w.org\/{rel}","templated":true}]}}