{"id":9651,"date":"2025-02-05T09:45:42","date_gmt":"2025-02-05T08:45:42","guid":{"rendered":"https:\/\/www.sams-industrie.fr\/product\/support-filet-coupant-reference-2\/"},"modified":"2025-02-19T11:47:55","modified_gmt":"2025-02-19T10:47:55","slug":"support-filet-coupant-reference-2","status":"publish","type":"product","link":"https:\/\/www.sams-industrie.fr\/en\/product\/support-filet-coupant-reference-2\/","title":{"rendered":"Cutting net support<br> Reference BAF-2156-110"},"content":{"rendered":"","protected":false},"excerpt":{"rendered":"<p>RAPIDEX RAPIDBOX<br \/> R\u00e9f\u00e9rence constructeur : BAF-2156-110<br \/> R\u00e9f\u00e9rences \u00e9quivalentes : BAF2156110 \/ MBAF2156110 \/ RAPBAF2156110<\/p>","protected":false},"featured_media":0,"comment_status":"open","ping_status":"closed","template":"","meta":[],"_links":{"self":[{"href":"https:\/\/www.sams-industrie.fr\/en\/wp-json\/wp\/v2\/product\/9651"}],"collection":[{"href":"https:\/\/www.sams-industrie.fr\/en\/wp-json\/wp\/v2\/product"}],"about":[{"href":"https:\/\/www.sams-industrie.fr\/en\/wp-json\/wp\/v2\/types\/product"}],"replies":[{"embeddable":true,"href":"https:\/\/www.sams-industrie.fr\/en\/wp-json\/wp\/v2\/comments?post=9651"}],"wp:attachment":[{"href":"https:\/\/www.sams-industrie.fr\/en\/wp-json\/wp\/v2\/media?parent=9651"}],"curies":[{"name":"wp","href":"https:\/\/api.w.org\/{rel}","templated":true}]}}