{"id":9648,"date":"2025-02-05T09:45:40","date_gmt":"2025-02-05T08:45:40","guid":{"rendered":"https:\/\/www.sams-industrie.fr\/product\/ejecteur-reference-8\/"},"modified":"2025-02-19T11:47:51","modified_gmt":"2025-02-19T10:47:51","slug":"ejecteur-reference-8","status":"publish","type":"product","link":"https:\/\/www.sams-industrie.fr\/en\/product\/ejecteur-reference-8\/","title":{"rendered":"Ejector<br> Reference BAF-2156-105"},"content":{"rendered":"","protected":false},"excerpt":{"rendered":"<p>RAPIDEX RAPIDBOX<br \/> R\u00e9f\u00e9rence constructeur : BAF-2156-105<br \/> R\u00e9f\u00e9rences \u00e9quivalentes : BAF2156105 \/ MBAF2156105 \/ RAPBAF2156105<\/p>","protected":false},"featured_media":0,"comment_status":"open","ping_status":"closed","template":"","meta":[],"_links":{"self":[{"href":"https:\/\/www.sams-industrie.fr\/en\/wp-json\/wp\/v2\/product\/9648"}],"collection":[{"href":"https:\/\/www.sams-industrie.fr\/en\/wp-json\/wp\/v2\/product"}],"about":[{"href":"https:\/\/www.sams-industrie.fr\/en\/wp-json\/wp\/v2\/types\/product"}],"replies":[{"embeddable":true,"href":"https:\/\/www.sams-industrie.fr\/en\/wp-json\/wp\/v2\/comments?post=9648"}],"wp:attachment":[{"href":"https:\/\/www.sams-industrie.fr\/en\/wp-json\/wp\/v2\/media?parent=9648"}],"curies":[{"name":"wp","href":"https:\/\/api.w.org\/{rel}","templated":true}]}}