{"id":9645,"date":"2025-02-05T09:45:38","date_gmt":"2025-02-05T08:45:38","guid":{"rendered":"https:\/\/www.sams-industrie.fr\/product\/support-filet-coupant-reference\/"},"modified":"2025-09-11T14:32:14","modified_gmt":"2025-09-11T12:32:14","slug":"support-filet-coupant-reference","status":"publish","type":"product","link":"https:\/\/www.sams-industrie.fr\/en\/product\/support-filet-coupant-reference\/","title":{"rendered":"Cutting net support<br> Reference BAF-2156-102"},"content":{"rendered":"","protected":false},"excerpt":{"rendered":"<p>RAPIDEX RAPIDBOX<br \/>\nR\u00e9f\u00e9rence constructeur : BAF-2156-102<br \/>\nR\u00e9f\u00e9rences \u00e9quivalentes : BAF2156102 \/ MBAF2156102 \/ RAPBAF2156102<\/p>","protected":false},"featured_media":11481,"comment_status":"open","ping_status":"closed","template":"","meta":[],"_links":{"self":[{"href":"https:\/\/www.sams-industrie.fr\/en\/wp-json\/wp\/v2\/product\/9645"}],"collection":[{"href":"https:\/\/www.sams-industrie.fr\/en\/wp-json\/wp\/v2\/product"}],"about":[{"href":"https:\/\/www.sams-industrie.fr\/en\/wp-json\/wp\/v2\/types\/product"}],"replies":[{"embeddable":true,"href":"https:\/\/www.sams-industrie.fr\/en\/wp-json\/wp\/v2\/comments?post=9645"}],"wp:featuredmedia":[{"embeddable":true,"href":"https:\/\/www.sams-industrie.fr\/en\/wp-json\/wp\/v2\/media\/11481"}],"wp:attachment":[{"href":"https:\/\/www.sams-industrie.fr\/en\/wp-json\/wp\/v2\/media?parent=9645"}],"curies":[{"name":"wp","href":"https:\/\/api.w.org\/{rel}","templated":true}]}}