{"id":9637,"date":"2025-02-05T09:45:32","date_gmt":"2025-02-05T08:45:32","guid":{"rendered":"https:\/\/www.sams-industrie.fr\/product\/filet-coupant-u-reference-4\/"},"modified":"2025-02-19T11:47:43","modified_gmt":"2025-02-19T10:47:43","slug":"filet-coupant-u-reference-4","status":"publish","type":"product","link":"https:\/\/www.sams-industrie.fr\/en\/product\/filet-coupant-u-reference-4\/","title":{"rendered":"U-shaped cutting thread<br> Reference BAF-2156-621"},"content":{"rendered":"","protected":false},"excerpt":{"rendered":"<p>RAPIDEX RAPIDBOX<br \/> R\u00e9f\u00e9rence constructeur : BAF-2156-621<br \/> R\u00e9f\u00e9rences \u00e9quivalentes : BAF2156621 \/ MBAF2156621 \/ RAPBAF2156621<\/p>","protected":false},"featured_media":0,"comment_status":"open","ping_status":"closed","template":"","meta":[],"_links":{"self":[{"href":"https:\/\/www.sams-industrie.fr\/en\/wp-json\/wp\/v2\/product\/9637"}],"collection":[{"href":"https:\/\/www.sams-industrie.fr\/en\/wp-json\/wp\/v2\/product"}],"about":[{"href":"https:\/\/www.sams-industrie.fr\/en\/wp-json\/wp\/v2\/types\/product"}],"replies":[{"embeddable":true,"href":"https:\/\/www.sams-industrie.fr\/en\/wp-json\/wp\/v2\/comments?post=9637"}],"wp:attachment":[{"href":"https:\/\/www.sams-industrie.fr\/en\/wp-json\/wp\/v2\/media?parent=9637"}],"curies":[{"name":"wp","href":"https:\/\/api.w.org\/{rel}","templated":true}]}}