{"id":9632,"date":"2025-02-05T09:45:29","date_gmt":"2025-02-05T08:45:29","guid":{"rendered":"https:\/\/www.sams-industrie.fr\/product\/ejecteur-reference-2\/"},"modified":"2025-02-19T11:47:40","modified_gmt":"2025-02-19T10:47:40","slug":"ejecteur-reference-2","status":"publish","type":"product","link":"https:\/\/www.sams-industrie.fr\/en\/product\/ejecteur-reference-2\/","title":{"rendered":"Ejector<br> Reference BAF-2156-572"},"content":{"rendered":"","protected":false},"excerpt":{"rendered":"<p>RAPIDEX RAPIDBOX<br \/> R\u00e9f\u00e9rence constructeur : BAF-2156-572<br \/> R\u00e9f\u00e9rences \u00e9quivalentes : BAF2156572 \/ MBAF2156572 \/ RAPBAF2156572<\/p>","protected":false},"featured_media":0,"comment_status":"open","ping_status":"closed","template":"","meta":[],"_links":{"self":[{"href":"https:\/\/www.sams-industrie.fr\/en\/wp-json\/wp\/v2\/product\/9632"}],"collection":[{"href":"https:\/\/www.sams-industrie.fr\/en\/wp-json\/wp\/v2\/product"}],"about":[{"href":"https:\/\/www.sams-industrie.fr\/en\/wp-json\/wp\/v2\/types\/product"}],"replies":[{"embeddable":true,"href":"https:\/\/www.sams-industrie.fr\/en\/wp-json\/wp\/v2\/comments?post=9632"}],"wp:attachment":[{"href":"https:\/\/www.sams-industrie.fr\/en\/wp-json\/wp\/v2\/media?parent=9632"}],"curies":[{"name":"wp","href":"https:\/\/api.w.org\/{rel}","templated":true}]}}