{"id":9628,"date":"2025-02-05T09:45:27","date_gmt":"2025-02-05T08:45:27","guid":{"rendered":"https:\/\/www.sams-industrie.fr\/product\/outil-coupant-monte-reference-3\/"},"modified":"2025-02-19T11:47:37","modified_gmt":"2025-02-19T10:47:37","slug":"outil-coupant-monte-reference-3","status":"publish","type":"product","link":"https:\/\/www.sams-industrie.fr\/en\/product\/outil-coupant-monte-reference-3\/","title":{"rendered":"Mounted cutting tool<br> Reference BAF-2156-A560"},"content":{"rendered":"","protected":false},"excerpt":{"rendered":"<p>RAPIDEX RAPIDBOX<br \/> R\u00e9f\u00e9rence constructeur : BAF-2156-A560<br \/> R\u00e9f\u00e9rences \u00e9quivalentes : BAF2156A560 \/ MBAF2156A560 \/ RAPBAF2156A560<\/p>","protected":false},"featured_media":0,"comment_status":"open","ping_status":"closed","template":"","meta":[],"_links":{"self":[{"href":"https:\/\/www.sams-industrie.fr\/en\/wp-json\/wp\/v2\/product\/9628"}],"collection":[{"href":"https:\/\/www.sams-industrie.fr\/en\/wp-json\/wp\/v2\/product"}],"about":[{"href":"https:\/\/www.sams-industrie.fr\/en\/wp-json\/wp\/v2\/types\/product"}],"replies":[{"embeddable":true,"href":"https:\/\/www.sams-industrie.fr\/en\/wp-json\/wp\/v2\/comments?post=9628"}],"wp:attachment":[{"href":"https:\/\/www.sams-industrie.fr\/en\/wp-json\/wp\/v2\/media?parent=9628"}],"curies":[{"name":"wp","href":"https:\/\/api.w.org\/{rel}","templated":true}]}}