{"id":9625,"date":"2025-02-05T09:45:25","date_gmt":"2025-02-05T08:45:25","guid":{"rendered":"https:\/\/www.sams-industrie.fr\/product\/renfort-reference-2\/"},"modified":"2025-02-19T11:47:35","modified_gmt":"2025-02-19T10:47:35","slug":"renfort-reference-2","status":"publish","type":"product","link":"https:\/\/www.sams-industrie.fr\/en\/product\/renfort-reference-2\/","title":{"rendered":"Reinforcement<br> Reference BAF-2156-553"},"content":{"rendered":"","protected":false},"excerpt":{"rendered":"<p>RAPIDEX RAPIDBOX<br \/> R\u00e9f\u00e9rence constructeur : BAF-2156-553<br \/> R\u00e9f\u00e9rences \u00e9quivalentes : BAF2156553 \/ MBAF2156510 \/ RAPBAF2156510<\/p>","protected":false},"featured_media":0,"comment_status":"open","ping_status":"closed","template":"","meta":[],"_links":{"self":[{"href":"https:\/\/www.sams-industrie.fr\/en\/wp-json\/wp\/v2\/product\/9625"}],"collection":[{"href":"https:\/\/www.sams-industrie.fr\/en\/wp-json\/wp\/v2\/product"}],"about":[{"href":"https:\/\/www.sams-industrie.fr\/en\/wp-json\/wp\/v2\/types\/product"}],"replies":[{"embeddable":true,"href":"https:\/\/www.sams-industrie.fr\/en\/wp-json\/wp\/v2\/comments?post=9625"}],"wp:attachment":[{"href":"https:\/\/www.sams-industrie.fr\/en\/wp-json\/wp\/v2\/media?parent=9625"}],"curies":[{"name":"wp","href":"https:\/\/api.w.org\/{rel}","templated":true}]}}