{"id":9623,"date":"2025-02-05T09:45:23","date_gmt":"2025-02-05T08:45:23","guid":{"rendered":"https:\/\/www.sams-industrie.fr\/product\/support-reference\/"},"modified":"2025-02-19T11:47:34","modified_gmt":"2025-02-19T10:47:34","slug":"support-reference","status":"publish","type":"product","link":"https:\/\/www.sams-industrie.fr\/en\/product\/support-reference\/","title":{"rendered":"Support<br> Reference BAF-2156-550"},"content":{"rendered":"","protected":false},"excerpt":{"rendered":"<p>RAPIDEX RAPIDBOX<br \/> R\u00e9f\u00e9rence constructeur : BAF-2156-550<br \/> R\u00e9f\u00e9rences \u00e9quivalentes : BAF2156550 \/ MBAF2156550 \/ <\/p>","protected":false},"featured_media":0,"comment_status":"open","ping_status":"closed","template":"","meta":[],"_links":{"self":[{"href":"https:\/\/www.sams-industrie.fr\/en\/wp-json\/wp\/v2\/product\/9623"}],"collection":[{"href":"https:\/\/www.sams-industrie.fr\/en\/wp-json\/wp\/v2\/product"}],"about":[{"href":"https:\/\/www.sams-industrie.fr\/en\/wp-json\/wp\/v2\/types\/product"}],"replies":[{"embeddable":true,"href":"https:\/\/www.sams-industrie.fr\/en\/wp-json\/wp\/v2\/comments?post=9623"}],"wp:attachment":[{"href":"https:\/\/www.sams-industrie.fr\/en\/wp-json\/wp\/v2\/media?parent=9623"}],"curies":[{"name":"wp","href":"https:\/\/api.w.org\/{rel}","templated":true}]}}