{"id":9618,"date":"2025-02-05T09:45:21","date_gmt":"2025-02-05T08:45:21","guid":{"rendered":"https:\/\/www.sams-industrie.fr\/product\/brosse-evacuation-de-dechets-reference\/"},"modified":"2025-02-19T11:47:29","modified_gmt":"2025-02-19T10:47:29","slug":"brosse-evacuation-de-dechets-reference","status":"publish","type":"product","link":"https:\/\/www.sams-industrie.fr\/en\/product\/brosse-evacuation-de-dechets-reference\/","title":{"rendered":"Waste disposal brush<br> Reference BAF-2123-A05"},"content":{"rendered":"","protected":false},"excerpt":{"rendered":"<p>RAPIDEX RAPIDBOX<br \/> R\u00e9f\u00e9rence constructeur : BAF-2123-A05<br \/> R\u00e9f\u00e9rences \u00e9quivalentes : BAF2123A05 \/ MBAF2123A05 \/ RAPBAF2123A05<\/p>","protected":false},"featured_media":0,"comment_status":"open","ping_status":"closed","template":"","meta":[],"_links":{"self":[{"href":"https:\/\/www.sams-industrie.fr\/en\/wp-json\/wp\/v2\/product\/9618"}],"collection":[{"href":"https:\/\/www.sams-industrie.fr\/en\/wp-json\/wp\/v2\/product"}],"about":[{"href":"https:\/\/www.sams-industrie.fr\/en\/wp-json\/wp\/v2\/types\/product"}],"replies":[{"embeddable":true,"href":"https:\/\/www.sams-industrie.fr\/en\/wp-json\/wp\/v2\/comments?post=9618"}],"wp:attachment":[{"href":"https:\/\/www.sams-industrie.fr\/en\/wp-json\/wp\/v2\/media?parent=9618"}],"curies":[{"name":"wp","href":"https:\/\/api.w.org\/{rel}","templated":true}]}}