{"id":9616,"date":"2025-02-05T09:45:20","date_gmt":"2025-02-05T08:45:20","guid":{"rendered":"https:\/\/www.sams-industrie.fr\/product\/equerre-elinguage-droite-reference\/"},"modified":"2025-02-19T11:47:28","modified_gmt":"2025-02-19T10:47:28","slug":"equerre-elinguage-droite-reference","status":"publish","type":"product","link":"https:\/\/www.sams-industrie.fr\/en\/product\/equerre-elinguage-droite-reference\/","title":{"rendered":"Straight sling bracket<br> Reference BAE-2100-039"},"content":{"rendered":"","protected":false},"excerpt":{"rendered":"<p>RAPIDEX RAPIDBOX<br \/> R\u00e9f\u00e9rence constructeur : BAE-2100-039<br \/> R\u00e9f\u00e9rences \u00e9quivalentes : BAE2100039 \/ MBAE2100039 \/ RAPBAE2100039<\/p>","protected":false},"featured_media":0,"comment_status":"open","ping_status":"closed","template":"","meta":[],"_links":{"self":[{"href":"https:\/\/www.sams-industrie.fr\/en\/wp-json\/wp\/v2\/product\/9616"}],"collection":[{"href":"https:\/\/www.sams-industrie.fr\/en\/wp-json\/wp\/v2\/product"}],"about":[{"href":"https:\/\/www.sams-industrie.fr\/en\/wp-json\/wp\/v2\/types\/product"}],"replies":[{"embeddable":true,"href":"https:\/\/www.sams-industrie.fr\/en\/wp-json\/wp\/v2\/comments?post=9616"}],"wp:attachment":[{"href":"https:\/\/www.sams-industrie.fr\/en\/wp-json\/wp\/v2\/media?parent=9616"}],"curies":[{"name":"wp","href":"https:\/\/api.w.org\/{rel}","templated":true}]}}