{"id":9615,"date":"2025-02-05T09:45:19","date_gmt":"2025-02-05T08:45:19","guid":{"rendered":"https:\/\/www.sams-industrie.fr\/product\/moyeu-cannele-entraineur-reference\/"},"modified":"2025-02-19T11:47:27","modified_gmt":"2025-02-19T10:47:27","slug":"moyeu-cannele-entraineur-reference","status":"publish","type":"product","link":"https:\/\/www.sams-industrie.fr\/en\/product\/moyeu-cannele-entraineur-reference\/","title":{"rendered":"Splined drive hub<br> Reference BAF-2013-015"},"content":{"rendered":"","protected":false},"excerpt":{"rendered":"<p>RAPIDEX RAPIDBOX<br \/> R\u00e9f\u00e9rence constructeur : BAF-2013-015<br \/> R\u00e9f\u00e9rences \u00e9quivalentes : BAF2013015 \/ MBAF2013015 \/ RAPBAF2013015<\/p>","protected":false},"featured_media":0,"comment_status":"open","ping_status":"closed","template":"","meta":[],"_links":{"self":[{"href":"https:\/\/www.sams-industrie.fr\/en\/wp-json\/wp\/v2\/product\/9615"}],"collection":[{"href":"https:\/\/www.sams-industrie.fr\/en\/wp-json\/wp\/v2\/product"}],"about":[{"href":"https:\/\/www.sams-industrie.fr\/en\/wp-json\/wp\/v2\/types\/product"}],"replies":[{"embeddable":true,"href":"https:\/\/www.sams-industrie.fr\/en\/wp-json\/wp\/v2\/comments?post=9615"}],"wp:attachment":[{"href":"https:\/\/www.sams-industrie.fr\/en\/wp-json\/wp\/v2\/media?parent=9615"}],"curies":[{"name":"wp","href":"https:\/\/api.w.org\/{rel}","templated":true}]}}