{"id":9610,"date":"2025-02-05T09:45:14","date_gmt":"2025-02-05T08:45:14","guid":{"rendered":"https:\/\/www.sams-industrie.fr\/product\/flasque-roue-basse-pression-reference\/"},"modified":"2025-09-11T14:30:44","modified_gmt":"2025-09-11T12:30:44","slug":"flasque-roue-basse-pression-reference","status":"publish","type":"product","link":"https:\/\/www.sams-industrie.fr\/en\/product\/flasque-roue-basse-pression-reference\/","title":{"rendered":"Low pressure wheel flange<br> Reference BAF-2204-019"},"content":{"rendered":"","protected":false},"excerpt":{"rendered":"<p>RAPIDEX RAPIDBOX<br \/>\nR\u00e9f\u00e9rence constructeur : BAF-2204-019<br \/>\nR\u00e9f\u00e9rences \u00e9quivalentes : BAF2204019 \/ MBAF2204019 \/ RAPBAF2204019<\/p>","protected":false},"featured_media":11480,"comment_status":"open","ping_status":"closed","template":"","meta":[],"_links":{"self":[{"href":"https:\/\/www.sams-industrie.fr\/en\/wp-json\/wp\/v2\/product\/9610"}],"collection":[{"href":"https:\/\/www.sams-industrie.fr\/en\/wp-json\/wp\/v2\/product"}],"about":[{"href":"https:\/\/www.sams-industrie.fr\/en\/wp-json\/wp\/v2\/types\/product"}],"replies":[{"embeddable":true,"href":"https:\/\/www.sams-industrie.fr\/en\/wp-json\/wp\/v2\/comments?post=9610"}],"wp:featuredmedia":[{"embeddable":true,"href":"https:\/\/www.sams-industrie.fr\/en\/wp-json\/wp\/v2\/media\/11480"}],"wp:attachment":[{"href":"https:\/\/www.sams-industrie.fr\/en\/wp-json\/wp\/v2\/media?parent=9610"}],"curies":[{"name":"wp","href":"https:\/\/api.w.org\/{rel}","templated":true}]}}