{"id":9607,"date":"2025-02-05T09:45:12","date_gmt":"2025-02-05T08:45:12","guid":{"rendered":"https:\/\/www.sams-industrie.fr\/product\/entraineur-anodise-reference\/"},"modified":"2025-02-19T11:47:21","modified_gmt":"2025-02-19T10:47:21","slug":"entraineur-anodise-reference","status":"publish","type":"product","link":"https:\/\/www.sams-industrie.fr\/en\/product\/entraineur-anodise-reference\/","title":{"rendered":"Anodized trainer<br> Reference 2D 385"},"content":{"rendered":"","protected":false},"excerpt":{"rendered":"<p>RAPIDEX MAXIBOX \u2013 RAPIDBOX<br \/> R\u00e9f\u00e9rence constructeur : 2D 385<br \/> R\u00e9f\u00e9rences \u00e9quivalentes : 2D385 \/ M2D385 \/ RAP2D385<\/p>","protected":false},"featured_media":0,"comment_status":"open","ping_status":"closed","template":"","meta":[],"_links":{"self":[{"href":"https:\/\/www.sams-industrie.fr\/en\/wp-json\/wp\/v2\/product\/9607"}],"collection":[{"href":"https:\/\/www.sams-industrie.fr\/en\/wp-json\/wp\/v2\/product"}],"about":[{"href":"https:\/\/www.sams-industrie.fr\/en\/wp-json\/wp\/v2\/types\/product"}],"replies":[{"embeddable":true,"href":"https:\/\/www.sams-industrie.fr\/en\/wp-json\/wp\/v2\/comments?post=9607"}],"wp:attachment":[{"href":"https:\/\/www.sams-industrie.fr\/en\/wp-json\/wp\/v2\/media?parent=9607"}],"curies":[{"name":"wp","href":"https:\/\/api.w.org\/{rel}","templated":true}]}}