{"id":9606,"date":"2025-02-05T09:45:12","date_gmt":"2025-02-05T08:45:12","guid":{"rendered":"https:\/\/www.sams-industrie.fr\/product\/moyeu-de-roue-basse-pression-reference\/"},"modified":"2025-09-11T14:29:44","modified_gmt":"2025-09-11T12:29:44","slug":"moyeu-de-roue-basse-pression-reference","status":"publish","type":"product","link":"https:\/\/www.sams-industrie.fr\/en\/product\/moyeu-de-roue-basse-pression-reference\/","title":{"rendered":"Low pressure wheel hub<br> Reference BAF-2204-010"},"content":{"rendered":"","protected":false},"excerpt":{"rendered":"<p>RAPIDEX RAPIDBOX<br \/>\nR\u00e9f\u00e9rence constructeur : BAF-2204-010<br \/>\nR\u00e9f\u00e9rences \u00e9quivalentes : BAF2204014 \/ MBAF2204014 \/ RAPBAF2204014<\/p>","protected":false},"featured_media":11479,"comment_status":"open","ping_status":"closed","template":"","meta":[],"_links":{"self":[{"href":"https:\/\/www.sams-industrie.fr\/en\/wp-json\/wp\/v2\/product\/9606"}],"collection":[{"href":"https:\/\/www.sams-industrie.fr\/en\/wp-json\/wp\/v2\/product"}],"about":[{"href":"https:\/\/www.sams-industrie.fr\/en\/wp-json\/wp\/v2\/types\/product"}],"replies":[{"embeddable":true,"href":"https:\/\/www.sams-industrie.fr\/en\/wp-json\/wp\/v2\/comments?post=9606"}],"wp:featuredmedia":[{"embeddable":true,"href":"https:\/\/www.sams-industrie.fr\/en\/wp-json\/wp\/v2\/media\/11479"}],"wp:attachment":[{"href":"https:\/\/www.sams-industrie.fr\/en\/wp-json\/wp\/v2\/media?parent=9606"}],"curies":[{"name":"wp","href":"https:\/\/api.w.org\/{rel}","templated":true}]}}