{"id":9605,"date":"2025-02-05T09:45:11","date_gmt":"2025-02-05T08:45:11","guid":{"rendered":"https:\/\/www.sams-industrie.fr\/product\/contrepartie-de-slit-reference\/"},"modified":"2025-02-19T11:47:20","modified_gmt":"2025-02-19T10:47:20","slug":"contrepartie-de-slit-reference","status":"publish","type":"product","link":"https:\/\/www.sams-industrie.fr\/en\/product\/contrepartie-de-slit-reference\/","title":{"rendered":"Slit counterpart<br> Reference BAF-2204-004"},"content":{"rendered":"","protected":false},"excerpt":{"rendered":"<p>RAPIDEX RAPIDBOX<br \/> R\u00e9f\u00e9rence constructeur : BAF-2204-004<br \/> R\u00e9f\u00e9rences \u00e9quivalentes : BAF2204004 \/ MBAF2204004 \/ RAPBAF2204004<\/p>","protected":false},"featured_media":0,"comment_status":"open","ping_status":"closed","template":"","meta":[],"_links":{"self":[{"href":"https:\/\/www.sams-industrie.fr\/en\/wp-json\/wp\/v2\/product\/9605"}],"collection":[{"href":"https:\/\/www.sams-industrie.fr\/en\/wp-json\/wp\/v2\/product"}],"about":[{"href":"https:\/\/www.sams-industrie.fr\/en\/wp-json\/wp\/v2\/types\/product"}],"replies":[{"embeddable":true,"href":"https:\/\/www.sams-industrie.fr\/en\/wp-json\/wp\/v2\/comments?post=9605"}],"wp:attachment":[{"href":"https:\/\/www.sams-industrie.fr\/en\/wp-json\/wp\/v2\/media?parent=9605"}],"curies":[{"name":"wp","href":"https:\/\/api.w.org\/{rel}","templated":true}]}}