{"id":9604,"date":"2025-02-05T09:45:11","date_gmt":"2025-02-05T08:45:11","guid":{"rendered":"https:\/\/www.sams-industrie.fr\/product\/galet-entraineur-fou-reference\/"},"modified":"2025-02-19T11:47:19","modified_gmt":"2025-02-19T10:47:19","slug":"galet-entraineur-fou-reference","status":"publish","type":"product","link":"https:\/\/www.sams-industrie.fr\/en\/product\/galet-entraineur-fou-reference\/","title":{"rendered":"Crazy trainer roller<br> Reference"},"content":{"rendered":"","protected":false},"excerpt":{"rendered":"<p>RAPIDEX RAPIDBOX<br \/> R\u00e9f\u00e9rence constructeur : <br \/> R\u00e9f\u00e9rences \u00e9quivalentes : BAF2204010 \/ MBAF2204010 \/ RAPBAF2204010<\/p>","protected":false},"featured_media":0,"comment_status":"open","ping_status":"closed","template":"","meta":[],"_links":{"self":[{"href":"https:\/\/www.sams-industrie.fr\/en\/wp-json\/wp\/v2\/product\/9604"}],"collection":[{"href":"https:\/\/www.sams-industrie.fr\/en\/wp-json\/wp\/v2\/product"}],"about":[{"href":"https:\/\/www.sams-industrie.fr\/en\/wp-json\/wp\/v2\/types\/product"}],"replies":[{"embeddable":true,"href":"https:\/\/www.sams-industrie.fr\/en\/wp-json\/wp\/v2\/comments?post=9604"}],"wp:attachment":[{"href":"https:\/\/www.sams-industrie.fr\/en\/wp-json\/wp\/v2\/media?parent=9604"}],"curies":[{"name":"wp","href":"https:\/\/api.w.org\/{rel}","templated":true}]}}