{"id":9603,"date":"2025-02-05T09:45:10","date_gmt":"2025-02-05T08:45:10","guid":{"rendered":"https:\/\/www.sams-industrie.fr\/product\/ressort-reference\/"},"modified":"2025-07-03T15:19:11","modified_gmt":"2025-07-03T13:19:11","slug":"ressort-reference","status":"publish","type":"product","link":"https:\/\/www.sams-industrie.fr\/en\/product\/ressort-reference\/","title":{"rendered":"Spring<br> Reference BAF-2004-029"},"content":{"rendered":"","protected":false},"excerpt":{"rendered":"<p>RAPIDEX MAXIBOX \u2013 RAPIDBOX<br \/>\nR\u00e9f\u00e9rence constructeur : BAF-2004-029<br \/>\nR\u00e9f\u00e9rences \u00e9quivalentes : BAF2004029 \/ MBAF2004029 \/ RAPBAF2004029<\/p>","protected":false},"featured_media":11411,"comment_status":"open","ping_status":"closed","template":"","meta":[],"_links":{"self":[{"href":"https:\/\/www.sams-industrie.fr\/en\/wp-json\/wp\/v2\/product\/9603"}],"collection":[{"href":"https:\/\/www.sams-industrie.fr\/en\/wp-json\/wp\/v2\/product"}],"about":[{"href":"https:\/\/www.sams-industrie.fr\/en\/wp-json\/wp\/v2\/types\/product"}],"replies":[{"embeddable":true,"href":"https:\/\/www.sams-industrie.fr\/en\/wp-json\/wp\/v2\/comments?post=9603"}],"wp:featuredmedia":[{"embeddable":true,"href":"https:\/\/www.sams-industrie.fr\/en\/wp-json\/wp\/v2\/media\/11411"}],"wp:attachment":[{"href":"https:\/\/www.sams-industrie.fr\/en\/wp-json\/wp\/v2\/media?parent=9603"}],"curies":[{"name":"wp","href":"https:\/\/api.w.org\/{rel}","templated":true}]}}