{"id":9602,"date":"2025-02-05T09:45:09","date_gmt":"2025-02-05T08:45:09","guid":{"rendered":"https:\/\/www.sams-industrie.fr\/product\/palier-entraineur-quick-lock-reference\/"},"modified":"2025-02-19T11:47:18","modified_gmt":"2025-02-19T10:47:18","slug":"palier-entraineur-quick-lock-reference","status":"publish","type":"product","link":"https:\/\/www.sams-industrie.fr\/en\/product\/palier-entraineur-quick-lock-reference\/","title":{"rendered":"Quick-lock drive bearing<br> Reference BAF-2004-030"},"content":{"rendered":"","protected":false},"excerpt":{"rendered":"<p>RAPIDEX RAPIDBOX<br \/> R\u00e9f\u00e9rence constructeur : BAF-2004-030<br \/> R\u00e9f\u00e9rences \u00e9quivalentes : BAF2004030 \/ MBAF2004030 \/ RAPBAF2004030<\/p>","protected":false},"featured_media":0,"comment_status":"open","ping_status":"closed","template":"","meta":[],"_links":{"self":[{"href":"https:\/\/www.sams-industrie.fr\/en\/wp-json\/wp\/v2\/product\/9602"}],"collection":[{"href":"https:\/\/www.sams-industrie.fr\/en\/wp-json\/wp\/v2\/product"}],"about":[{"href":"https:\/\/www.sams-industrie.fr\/en\/wp-json\/wp\/v2\/types\/product"}],"replies":[{"embeddable":true,"href":"https:\/\/www.sams-industrie.fr\/en\/wp-json\/wp\/v2\/comments?post=9602"}],"wp:attachment":[{"href":"https:\/\/www.sams-industrie.fr\/en\/wp-json\/wp\/v2\/media?parent=9602"}],"curies":[{"name":"wp","href":"https:\/\/api.w.org\/{rel}","templated":true}]}}