{"id":9600,"date":"2025-02-05T09:45:08","date_gmt":"2025-02-05T08:45:08","guid":{"rendered":"https:\/\/www.sams-industrie.fr\/product\/entraineur-revetu-reference\/"},"modified":"2025-02-19T11:47:16","modified_gmt":"2025-02-19T10:47:16","slug":"entraineur-revetu-reference","status":"publish","type":"product","link":"https:\/\/www.sams-industrie.fr\/en\/product\/entraineur-revetu-reference\/","title":{"rendered":"Coated trainer<br> Reference 2D270"},"content":{"rendered":"","protected":false},"excerpt":{"rendered":"<p>RAPIDEX RAPIDBOX<br \/> R\u00e9f\u00e9rence constructeur : 2D270<br \/> R\u00e9f\u00e9rences \u00e9quivalentes : 2D270 \/ M2D270 \/ RAP2D270<\/p>","protected":false},"featured_media":0,"comment_status":"open","ping_status":"closed","template":"","meta":[],"_links":{"self":[{"href":"https:\/\/www.sams-industrie.fr\/en\/wp-json\/wp\/v2\/product\/9600"}],"collection":[{"href":"https:\/\/www.sams-industrie.fr\/en\/wp-json\/wp\/v2\/product"}],"about":[{"href":"https:\/\/www.sams-industrie.fr\/en\/wp-json\/wp\/v2\/types\/product"}],"replies":[{"embeddable":true,"href":"https:\/\/www.sams-industrie.fr\/en\/wp-json\/wp\/v2\/comments?post=9600"}],"wp:attachment":[{"href":"https:\/\/www.sams-industrie.fr\/en\/wp-json\/wp\/v2\/media?parent=9600"}],"curies":[{"name":"wp","href":"https:\/\/api.w.org\/{rel}","templated":true}]}}