{"id":9598,"date":"2025-02-05T09:45:07","date_gmt":"2025-02-05T08:45:07","guid":{"rendered":"https:\/\/www.sams-industrie.fr\/product\/entraineur-revetu-fou-reference\/"},"modified":"2025-02-19T11:47:15","modified_gmt":"2025-02-19T10:47:15","slug":"entraineur-revetu-fou-reference","status":"publish","type":"product","link":"https:\/\/www.sams-industrie.fr\/en\/product\/entraineur-revetu-fou-reference\/","title":{"rendered":"Crazy Coated Coach<br> Reference BAF-2204-009"},"content":{"rendered":"","protected":false},"excerpt":{"rendered":"<p>RAPIDEX RAPIDBOX<br \/> R\u00e9f\u00e9rence constructeur : BAF-2204-009<br \/> R\u00e9f\u00e9rences \u00e9quivalentes : BAF2204009 \/ MBAF2204009 \/ RAPBAF2204009<\/p>","protected":false},"featured_media":0,"comment_status":"open","ping_status":"closed","template":"","meta":[],"_links":{"self":[{"href":"https:\/\/www.sams-industrie.fr\/en\/wp-json\/wp\/v2\/product\/9598"}],"collection":[{"href":"https:\/\/www.sams-industrie.fr\/en\/wp-json\/wp\/v2\/product"}],"about":[{"href":"https:\/\/www.sams-industrie.fr\/en\/wp-json\/wp\/v2\/types\/product"}],"replies":[{"embeddable":true,"href":"https:\/\/www.sams-industrie.fr\/en\/wp-json\/wp\/v2\/comments?post=9598"}],"wp:attachment":[{"href":"https:\/\/www.sams-industrie.fr\/en\/wp-json\/wp\/v2\/media?parent=9598"}],"curies":[{"name":"wp","href":"https:\/\/api.w.org\/{rel}","templated":true}]}}