{"id":9596,"date":"2025-02-05T09:45:06","date_gmt":"2025-02-05T08:45:06","guid":{"rendered":"https:\/\/www.sams-industrie.fr\/product\/entraineur-revetu-quick-lock-monte-reference\/"},"modified":"2025-02-19T11:47:13","modified_gmt":"2025-02-19T10:47:13","slug":"entraineur-revetu-quick-lock-monte-reference","status":"publish","type":"product","link":"https:\/\/www.sams-industrie.fr\/en\/product\/entraineur-revetu-quick-lock-monte-reference\/","title":{"rendered":"Quick-lock coated trainer mounted<br> Reference BAF-2004-A14"},"content":{"rendered":"","protected":false},"excerpt":{"rendered":"<p>RAPIDEX RAPIDBOX<br \/> R\u00e9f\u00e9rence constructeur : BAF-2004-A14<br \/> R\u00e9f\u00e9rences \u00e9quivalentes : BAF2004A14 \/ MBAF2004A14 \/ RAPBAF2004A14<\/p>","protected":false},"featured_media":0,"comment_status":"open","ping_status":"closed","template":"","meta":[],"_links":{"self":[{"href":"https:\/\/www.sams-industrie.fr\/en\/wp-json\/wp\/v2\/product\/9596"}],"collection":[{"href":"https:\/\/www.sams-industrie.fr\/en\/wp-json\/wp\/v2\/product"}],"about":[{"href":"https:\/\/www.sams-industrie.fr\/en\/wp-json\/wp\/v2\/types\/product"}],"replies":[{"embeddable":true,"href":"https:\/\/www.sams-industrie.fr\/en\/wp-json\/wp\/v2\/comments?post=9596"}],"wp:attachment":[{"href":"https:\/\/www.sams-industrie.fr\/en\/wp-json\/wp\/v2\/media?parent=9596"}],"curies":[{"name":"wp","href":"https:\/\/api.w.org\/{rel}","templated":true}]}}