{"id":9594,"date":"2025-02-05T09:45:05","date_gmt":"2025-02-05T08:45:05","guid":{"rendered":"https:\/\/www.sams-industrie.fr\/product\/arbre-de-renvoi-dangle-reference\/"},"modified":"2025-02-19T11:47:12","modified_gmt":"2025-02-19T10:47:12","slug":"arbre-de-renvoi-dangle-reference","status":"publish","type":"product","link":"https:\/\/www.sams-industrie.fr\/en\/product\/arbre-de-renvoi-dangle-reference\/","title":{"rendered":"Angle drive shaft<br> Reference BAF-2113-016"},"content":{"rendered":"","protected":false},"excerpt":{"rendered":"<p>RAPIDEX RAPIDBOX<br \/> R\u00e9f\u00e9rence constructeur : BAF-2113-016<br \/> R\u00e9f\u00e9rences \u00e9quivalentes : BAF2113016 \/ MBAF2113016 \/ RAPBAF2113016<\/p>","protected":false},"featured_media":0,"comment_status":"open","ping_status":"closed","template":"","meta":[],"_links":{"self":[{"href":"https:\/\/www.sams-industrie.fr\/en\/wp-json\/wp\/v2\/product\/9594"}],"collection":[{"href":"https:\/\/www.sams-industrie.fr\/en\/wp-json\/wp\/v2\/product"}],"about":[{"href":"https:\/\/www.sams-industrie.fr\/en\/wp-json\/wp\/v2\/types\/product"}],"replies":[{"embeddable":true,"href":"https:\/\/www.sams-industrie.fr\/en\/wp-json\/wp\/v2\/comments?post=9594"}],"wp:attachment":[{"href":"https:\/\/www.sams-industrie.fr\/en\/wp-json\/wp\/v2\/media?parent=9594"}],"curies":[{"name":"wp","href":"https:\/\/api.w.org\/{rel}","templated":true}]}}