{"id":9590,"date":"2025-02-05T09:45:02","date_gmt":"2025-02-05T08:45:02","guid":{"rendered":"https:\/\/www.sams-industrie.fr\/product\/rondelle-dexcentrique-reference-tous\/"},"modified":"2025-02-19T11:47:08","modified_gmt":"2025-02-19T10:47:08","slug":"rondelle-dexcentrique-reference-tous","status":"publish","type":"product","link":"https:\/\/www.sams-industrie.fr\/en\/product\/rondelle-dexcentrique-reference-tous\/","title":{"rendered":"Eccentric washer<br> Reference 800-311-012"},"content":{"rendered":"","protected":false},"excerpt":{"rendered":"<p>RAPIDEX RAPIDLINE 22<br \/> R\u00e9f\u00e9rence constructeur : 800-311-012<br \/> R\u00e9f\u00e9rences \u00e9quivalentes : 800311012 \/ M800311012 \/ RAP800311012<\/p>","protected":false},"featured_media":0,"comment_status":"open","ping_status":"closed","template":"","meta":[],"_links":{"self":[{"href":"https:\/\/www.sams-industrie.fr\/en\/wp-json\/wp\/v2\/product\/9590"}],"collection":[{"href":"https:\/\/www.sams-industrie.fr\/en\/wp-json\/wp\/v2\/product"}],"about":[{"href":"https:\/\/www.sams-industrie.fr\/en\/wp-json\/wp\/v2\/types\/product"}],"replies":[{"embeddable":true,"href":"https:\/\/www.sams-industrie.fr\/en\/wp-json\/wp\/v2\/comments?post=9590"}],"wp:attachment":[{"href":"https:\/\/www.sams-industrie.fr\/en\/wp-json\/wp\/v2\/media?parent=9590"}],"curies":[{"name":"wp","href":"https:\/\/api.w.org\/{rel}","templated":true}]}}