{"id":9587,"date":"2025-02-05T09:45:00","date_gmt":"2025-02-05T08:45:00","guid":{"rendered":"https:\/\/www.sams-industrie.fr\/product\/plaquette-de-frottement-de-bielles-reference-tous\/"},"modified":"2025-02-19T11:47:05","modified_gmt":"2025-02-19T10:47:05","slug":"plaquette-de-frottement-de-bielles-reference-tous","status":"publish","type":"product","link":"https:\/\/www.sams-industrie.fr\/en\/product\/plaquette-de-frottement-de-bielles-reference-tous\/","title":{"rendered":"Connecting rod friction plate<br> Reference 800-111-009"},"content":{"rendered":"","protected":false},"excerpt":{"rendered":"<p>RAPIDEX RAPIDLINE 22<br \/> R\u00e9f\u00e9rence constructeur : 800-111-009<br \/> R\u00e9f\u00e9rences \u00e9quivalentes : 800111009 \/ M800111009 \/ RAP800111009<\/p>","protected":false},"featured_media":0,"comment_status":"open","ping_status":"closed","template":"","meta":[],"_links":{"self":[{"href":"https:\/\/www.sams-industrie.fr\/en\/wp-json\/wp\/v2\/product\/9587"}],"collection":[{"href":"https:\/\/www.sams-industrie.fr\/en\/wp-json\/wp\/v2\/product"}],"about":[{"href":"https:\/\/www.sams-industrie.fr\/en\/wp-json\/wp\/v2\/types\/product"}],"replies":[{"embeddable":true,"href":"https:\/\/www.sams-industrie.fr\/en\/wp-json\/wp\/v2\/comments?post=9587"}],"wp:attachment":[{"href":"https:\/\/www.sams-industrie.fr\/en\/wp-json\/wp\/v2\/media?parent=9587"}],"curies":[{"name":"wp","href":"https:\/\/api.w.org\/{rel}","templated":true}]}}